{"id":797,"date":"2023-11-02T12:22:40","date_gmt":"2023-11-02T10:22:40","guid":{"rendered":"https:\/\/4vrc.eu\/kontakt\/"},"modified":"2024-03-16T13:20:51","modified_gmt":"2024-03-16T11:20:51","slug":"kontakt","status":"publish","type":"page","link":"https:\/\/4vrc.eu\/et\/kontakt\/","title":{"rendered":"Kontakt"},"content":{"rendered":"\n<div class=\"wp-block-greenshift-blocks-container gspb_container gspb_container-gsbp-f47b9b2\" id=\"gspb_container-id-gsbp-f47b9b2\">\n<div class=\"wp-block-greenshift-blocks-row gspb_row gspb_row-id-gsbp-c3f955b\" id=\"gspb_row-id-gsbp-c3f955b\"><div class=\"gspb_row__content\"> \n<div class=\"wp-block-greenshift-blocks-row-column gspb_row__col--6 gspb_col-id-gsbp-54851b5\" id=\"gspb_col-id-gsbp-54851b5\">\n<h2 id=\"gspb_heading-id-gsbp-6a1baa6\" class=\"gspb_heading gspb_heading-id-gsbp-6a1baa6 \">Kontakt<\/h2>\n\n\n\n<div id=\"gspb_text-id-gsbp-97a6591\" class=\"gspb_text gspb_text-id-gsbp-97a6591 \">Kui leidsid huvitava toote v\u00f5i soovid lisainfot, siis v\u00f5ta meiega \u00fchendust.<\/div>\n\n\n\n<div style=\"height:50px\" aria-hidden=\"true\" class=\"wp-block-spacer\"><\/div>\n\n\n<div class='fluentform ff-inherit-theme-style fluentform_wrapper_3  ff_guten_block ff_guten_block-3'><form data-form_id=\"3\" id=\"fluentform_3\" class=\"frm-fluent-form fluent_form_3 ff-el-form-top ff_form_instance_3_1 ff-form-loading ff_has_v3_recptcha ffs_inherit_theme\" data-form_instance=\"ff_form_instance_3_1\" method=\"POST\" data-recptcha_key=\"6LdlxJopAAAAAJqh6ILMnT3ezjyzNSxGEkMU_GUM\" ><fieldset  style=\"border: none!important;margin: 0!important;padding: 0!important;background-color: transparent!important;box-shadow: none!important;outline: none!important; min-inline-size: 100%;\">\n                    <legend class=\"ff_screen_reader_title\" style=\"display: block; margin: 0!important;padding: 0!important;height: 0!important;text-indent: -999999px;width: 0!important;overflow:hidden;\">Kontakt EST<\/legend><input type='hidden' name='__fluent_form_embded_post_id' value='797' \/><input type=\"hidden\" id=\"_fluentform_3_fluentformnonce\" name=\"_fluentform_3_fluentformnonce\" value=\"1da1c4c809\" \/><input type=\"hidden\" name=\"_wp_http_referer\" value=\"\/et\/wp-json\/wp\/v2\/pages\/797\" \/><div data-type=\"name-element\" data-name=\"names\" class=\" ff-field_container ff-name-field-wrapper\" ><div class='ff-t-container'><div class='ff-t-cell '><div class='ff-el-group'><div class=\"ff-el-input--label ff-el-is-required asterisk-right\"><label for='ff_3_names_first_name_' id='label_ff_3_names_first_name_' >Nimi<\/label><\/div><div class='ff-el-input--content'><input type=\"text\" name=\"names[first_name]\" id=\"ff_3_names_first_name_\" class=\"ff-el-form-control\" placeholder=\"Nimi\" aria-invalid=\"false\" aria-required=true><\/div><\/div><\/div><\/div><\/div><div data-name=\"ff_cn_id_1\"  class='ff-t-container ff-column-container ff_columns_total_2 '><div class='ff-t-cell ff-t-column-1' style='flex-basis: 50%;'><div class='ff-el-group'><div class=\"ff-el-input--label ff-el-is-required asterisk-right\"><label for='ff_3_numeric-field' id='label_ff_3_numeric-field' aria-label=\"Telefon\">Telefon<\/label><\/div><div class='ff-el-input--content'><input type=\"number\" name=\"numeric-field\" id=\"ff_3_numeric-field\" class=\"ff-el-form-control\" placeholder=\"Telefon\" data-name=\"numeric-field\" inputmode=\"numeric\" step=\"any\"  aria-invalid=\"false\" aria-required=true><\/div><\/div><\/div><div class='ff-t-cell ff-t-column-2' style='flex-basis: 50%;'><div class='ff-el-group'><div class=\"ff-el-input--label ff-el-is-required asterisk-right\"><label for='ff_3_email' id='label_ff_3_email' aria-label=\"E-post\">E-post<\/label><\/div><div class='ff-el-input--content'><input type=\"email\" name=\"email\" id=\"ff_3_email\" class=\"ff-el-form-control\" placeholder=\"E-posti aadress\" data-name=\"email\"  aria-invalid=\"false\" aria-required=true><\/div><\/div><\/div><\/div><div class='ff-el-group'><div class=\"ff-el-input--label asterisk-right\"><label for='ff_3_input_text' id='label_ff_3_input_text' aria-label=\"Toode\">Toode<\/label><\/div><div class='ff-el-input--content'><input type=\"text\" name=\"input_text\" class=\"ff-el-form-control\" placeholder=\"Tootenimi\" data-name=\"input_text\" id=\"ff_3_input_text\"  aria-invalid=\"false\" aria-required=false><\/div><\/div><div class='ff-el-group'><div class=\"ff-el-input--label ff-el-is-required asterisk-right\"><label   aria-label=\"Teema\">Teema<\/label><\/div><div class='ff-el-input--content'><div class='ff-el-form-check ff-el-form-check-'><label class='ff-el-form-check-label' for='checkbox_19c8f5036834113ebea4ec19bcce3954'><input  type=\"checkbox\" name=\"checkbox[]\" data-name=\"checkbox\" class=\"ff-el-form-check-input ff-el-form-check-checkbox\" value=\"K\u00fcsimused toote kohta\"  id='checkbox_19c8f5036834113ebea4ec19bcce3954' aria-label='K\u00fcsimused toote kohta' aria-invalid='false' aria-required=true> <span>K\u00fcsimused toote kohta<\/span><\/label><\/div><div class='ff-el-form-check ff-el-form-check-'><label class='ff-el-form-check-label' for='checkbox_76e73cc5df0c49fd8673319200ac3076'><input  type=\"checkbox\" name=\"checkbox[]\" data-name=\"checkbox\" class=\"ff-el-form-check-input ff-el-form-check-checkbox\" value=\"Toote tellimine\"  id='checkbox_76e73cc5df0c49fd8673319200ac3076' aria-label='Toote tellimine' aria-invalid='false' aria-required=true> <span>Toote tellimine<\/span><\/label><\/div><\/div><\/div><div class='ff-el-group'><div class=\"ff-el-input--label ff-el-is-required asterisk-right\"><label for='ff_3_description' id='label_ff_3_description' aria-label=\"Lisainfo\">Lisainfo<\/label><\/div><div class='ff-el-input--content'><textarea aria-required=\"true\" aria-labelledby=\"label_ff_3_description\" name=\"description\" id=\"ff_3_description\" class=\"ff-el-form-control\" rows=\"4\" cols=\"2\" data-name=\"description\" ><\/textarea><\/div><\/div><div class='ff-el-group    ff-el-input--content'><div class='ff-el-form-check ff-el-tc'><label aria-label='N\u00f5ustun, et see veebisait salvestab minu esitatud teabe, et nad saaksid minu p\u00e4ringule vastata' class='ff-el-form-check-label ff_tc_label' for=gdpr-agreement_935ae2977e72d44194a9916d62ac7536><span class='ff_tc_checkbox'><input type=\"checkbox\" name=\"gdpr-agreement\" class=\"ff-el-form-check-input ff_gdpr_field\" data-name=\"gdpr-agreement\" id=\"gdpr-agreement_935ae2977e72d44194a9916d62ac7536\"  value='on' aria-invalid='false' aria-required=true><\/span> <div class='ff_t_c'>N\u00f5ustun, et see veebisait salvestab minu esitatud teabe, et nad saaksid minu p\u00e4ringule vastata<\/div><\/label><\/div><\/div><div class='ff-el-group ff-text-left ff_submit_btn_wrapper'><button type=\"submit\" class=\"ff-btn ff-btn-submit ff-btn-md ff_btn_no_style\"  aria-label=\"Saada\">Saada<\/button><\/div><\/fieldset><\/form><div id='fluentform_3_errors' class='ff-errors-in-stack ff_form_instance_3_1 ff-form-loading_errors ff_form_instance_3_1_errors'><\/div><\/div>            <script type=\"text\/javascript\">\n                window.fluent_form_ff_form_instance_3_1 = {\"id\":\"3\",\"settings\":{\"layout\":{\"labelPlacement\":\"top\",\"helpMessagePlacement\":\"with_label\",\"errorMessagePlacement\":\"inline\",\"cssClassName\":\"\",\"asteriskPlacement\":\"asterisk-right\"},\"restrictions\":{\"denyEmptySubmission\":{\"enabled\":false}}},\"form_instance\":\"ff_form_instance_3_1\",\"form_id_selector\":\"fluentform_3\",\"rules\":{\"names[first_name]\":{\"required\":{\"value\":true,\"message\":\"Kohustuslik v\\u00e4li\",\"global_message\":\"This field is required\",\"global\":false}},\"names[middle_name]\":{\"required\":{\"value\":false,\"message\":\"This field is required\",\"global_message\":\"This field is required\",\"global\":true}},\"names[last_name]\":{\"required\":{\"value\":false,\"message\":\"This field is required\",\"global_message\":\"This field is required\",\"global\":true}},\"numeric-field\":{\"required\":{\"value\":true,\"message\":\"Kohustuslik v\\u00e4li\",\"global_message\":\"This field is required\",\"global\":false},\"numeric\":{\"value\":true,\"message\":\"This field must contain numeric value\",\"global_message\":\"This field must contain numeric value\",\"global\":true},\"min\":{\"value\":\"\",\"message\":\"Validation fails for minimum value\",\"global_message\":\"Validation fails for minimum value\",\"global\":true},\"max\":{\"value\":\"\",\"message\":\"Validation fails for maximum value\",\"global_message\":\"Validation fails for maximum value\",\"global\":true},\"digits\":{\"value\":\"\",\"message\":\"Validation fails for limited digits\",\"global_message\":\"Validation fails for limited digits\",\"global\":true}},\"email\":{\"required\":{\"value\":true,\"message\":\"Kohustuslik v\\u00e4li\",\"global_message\":\"This field is required\",\"global\":false},\"email\":{\"value\":true,\"message\":\"This field must contain a valid email\",\"global_message\":\"This field must contain a valid email\",\"global\":true}},\"input_text\":{\"required\":{\"value\":false,\"message\":\"This field is required\",\"global_message\":\"This field is required\",\"global\":true}},\"checkbox\":{\"required\":{\"value\":true,\"message\":\"Kohustuslik v\\u00e4li\",\"global_message\":\"This field is required\",\"global\":false}},\"description\":{\"required\":{\"value\":true,\"message\":\"Kohustuslik v\\u00e4li\",\"global_message\":\"This field is required\",\"global\":false}},\"gdpr-agreement\":{\"required\":{\"value\":true,\"message\":\"Kohustuslik v\\u00e4li\",\"global_message\":\"This field is required\",\"global\":false}},\"g-recaptcha-response\":[]},\"debounce_time\":300};\n                            <\/script>\n            <\/div>\n\n\n\n<div class=\"wp-block-greenshift-blocks-row-column gspb_row__col--6 gspb_col-id-gsbp-8d91089\" id=\"gspb_col-id-gsbp-8d91089\">\n<div class=\"wp-block-greenshift-blocks-container gspb_container gspb_container-gsbp-33fe062\" id=\"gspb_container-id-gsbp-33fe062\">\n<div id=\"gspb_text-id-gsbp-1867feb\" class=\"gspb_text gspb_text-id-gsbp-1867feb \">Nuvalo Grupp O\u00dc<\/div>\n\n\n\n<div id=\"gspb_text-id-gsbp-47f5e97\" class=\"gspb_text gspb_text-id-gsbp-47f5e97 \">Reg. kood: 11348968<br>KMKR: EE101149572<br><a href=\"mailto:4vrc@4vrc.eu\">4vrc@4vrc.eu<\/a><\/div>\n<\/div>\n<\/div>\n <\/div><\/div>\n<\/div>\n","protected":false},"excerpt":{"rendered":"","protected":false},"author":5,"featured_media":0,"parent":0,"menu_order":0,"comment_status":"closed","ping_status":"closed","template":"","meta":{"_acf_changed":false,"footnotes":""},"class_list":["post-797","page","type-page","status-publish","hentry"],"acf":[],"_links":{"self":[{"href":"https:\/\/4vrc.eu\/et\/wp-json\/wp\/v2\/pages\/797","targetHints":{"allow":["GET"]}}],"collection":[{"href":"https:\/\/4vrc.eu\/et\/wp-json\/wp\/v2\/pages"}],"about":[{"href":"https:\/\/4vrc.eu\/et\/wp-json\/wp\/v2\/types\/page"}],"author":[{"embeddable":true,"href":"https:\/\/4vrc.eu\/et\/wp-json\/wp\/v2\/users\/5"}],"replies":[{"embeddable":true,"href":"https:\/\/4vrc.eu\/et\/wp-json\/wp\/v2\/comments?post=797"}],"version-history":[{"count":5,"href":"https:\/\/4vrc.eu\/et\/wp-json\/wp\/v2\/pages\/797\/revisions"}],"predecessor-version":[{"id":2117,"href":"https:\/\/4vrc.eu\/et\/wp-json\/wp\/v2\/pages\/797\/revisions\/2117"}],"wp:attachment":[{"href":"https:\/\/4vrc.eu\/et\/wp-json\/wp\/v2\/media?parent=797"}],"curies":[{"name":"wp","href":"https:\/\/api.w.org\/{rel}","templated":true}]}}