{"id":2591,"date":"2024-09-25T18:40:56","date_gmt":"2024-09-25T15:40:56","guid":{"rendered":"https:\/\/4vrc.eu\/product\/roolinuppude-juhe\/"},"modified":"2025-04-29T11:29:22","modified_gmt":"2025-04-29T08:29:22","slug":"roolinuppude-juhe","status":"publish","type":"product","link":"https:\/\/4vrc.eu\/et\/toode\/roolinuppude-juhe\/","title":{"rendered":"Roolinuppude juhe"},"content":{"rendered":"<p>Spetsiaalselt 4vrc-le toodetud can bus roolinuppude kaabel .Tootja omab kogemust kaasaegsete WRC autode elektrilahentuste ehitamises .<br \/>\nValikus on kolm erinevat kaablit . Kaks k\u00f5igek\u00f5rgema motorspordi n\u00f5uetele vastavat ja \u00fcks mis on samuti k\u00f5rgekvaliteetne ,kuid on kasutataud hinna poolest soodasamaid materjale .<br \/>\nLisaks on erinevus kasutuse funktsionaalsuses ,kui ei soovita kasutada k\u00f5iki v\u00f5imalusi roolinuppudes siis on v\u00f5imalus teha ka kergem ja lihtsam \u00fchendusjuhe .<br \/>\nME-30012-00 spiraalkaabel SP12 mis v\u00f5imaldab kasutada k\u00f5iki v\u00f5imalusi mida roolipaneel pakub .<br \/>\nME30004 Spiraalkaabel Motorsport CAN ,on motorsportkaabel mis v\u00f5imaldab kasutada ainult can juhtimist .<br \/>\nME30010 Spiraalkaabel Motorsport CAN+4Analog ,on motorsport kaabel mis v\u00f5imaldab kasutada k\u00f5iki v\u00f5imalusi mida roolinupud pakuvad .<\/p>\n","protected":false},"excerpt":{"rendered":"<p>Spetsiaalselt 4vrc-le toodetud can bus roolinuppude kaabel .Tootja omab kogemust kaasaegsete WRC autode elektrilahentuste ehitamises . Valikus on kolm erinevat kaablit . Kaks k\u00f5igek\u00f5rgema motorspordi n\u00f5uetele vastavat ja \u00fcks mis on samuti k\u00f5rgekvaliteetne ,kuid on kasutataud hinna poolest soodasamaid materjale . Lisaks on erinevus kasutuse funktsionaalsuses ,kui ei soovita kasutada k\u00f5iki v\u00f5imalusi roolinuppudes siis on [&hellip;]<\/p>\n","protected":false},"featured_media":2587,"template":"","meta":{"_acf_changed":false},"product_brand":[],"product_cat":[302,353],"product_tag":[],"class_list":{"0":"post-2591","1":"product","2":"type-product","3":"status-publish","4":"has-post-thumbnail","6":"product_cat-elektrisusteemid","7":"product_cat-kaablid-ja-uhendused","9":"first","10":"outofstock","11":"taxable","12":"shipping-taxable","13":"purchasable","14":"product-type-variable"},"acf":[],"_links":{"self":[{"href":"https:\/\/4vrc.eu\/et\/wp-json\/wp\/v2\/product\/2591","targetHints":{"allow":["GET"]}}],"collection":[{"href":"https:\/\/4vrc.eu\/et\/wp-json\/wp\/v2\/product"}],"about":[{"href":"https:\/\/4vrc.eu\/et\/wp-json\/wp\/v2\/types\/product"}],"wp:featuredmedia":[{"embeddable":true,"href":"https:\/\/4vrc.eu\/et\/wp-json\/wp\/v2\/media\/2587"}],"wp:attachment":[{"href":"https:\/\/4vrc.eu\/et\/wp-json\/wp\/v2\/media?parent=2591"}],"wp:term":[{"taxonomy":"product_brand","embeddable":true,"href":"https:\/\/4vrc.eu\/et\/wp-json\/wp\/v2\/product_brand?post=2591"},{"taxonomy":"product_cat","embeddable":true,"href":"https:\/\/4vrc.eu\/et\/wp-json\/wp\/v2\/product_cat?post=2591"},{"taxonomy":"product_tag","embeddable":true,"href":"https:\/\/4vrc.eu\/et\/wp-json\/wp\/v2\/product_tag?post=2591"}],"curies":[{"name":"wp","href":"https:\/\/api.w.org\/{rel}","templated":true}]}}