{"id":2602,"date":"2024-06-16T21:30:17","date_gmt":"2024-06-16T18:30:17","guid":{"rendered":"https:\/\/4vrc.eu\/product\/2602\/"},"modified":"2025-04-29T11:29:22","modified_gmt":"2025-04-29T08:29:22","slug":"roolinupud","status":"publish","type":"product","link":"https:\/\/4vrc.eu\/et\/toode\/roolinupud\/","title":{"rendered":"Roolinupud"},"content":{"rendered":"<p><img fetchpriority=\"high\" decoding=\"async\" class=\"alignnone size-medium wp-image-2237\" src=\"https:\/\/4vrc.eu\/wp-content\/uploads\/2024\/06\/RACE-PAD-VOLANTE-R-300x295.jpg\" alt=\"\" width=\"300\" height=\"295\" srcset=\"https:\/\/4vrc.eu\/wp-content\/uploads\/2024\/06\/RACE-PAD-VOLANTE-R-300x295.jpg 300w, https:\/\/4vrc.eu\/wp-content\/uploads\/2024\/06\/RACE-PAD-VOLANTE-R-1024x1006.jpg 1024w, https:\/\/4vrc.eu\/wp-content\/uploads\/2024\/06\/RACE-PAD-VOLANTE-R-768x755.jpg 768w, https:\/\/4vrc.eu\/wp-content\/uploads\/2024\/06\/RACE-PAD-VOLANTE-R-1536x1509.jpg 1536w, https:\/\/4vrc.eu\/wp-content\/uploads\/2024\/06\/RACE-PAD-VOLANTE-R-2048x2012.jpg 2048w, https:\/\/4vrc.eu\/wp-content\/uploads\/2024\/06\/RACE-PAD-VOLANTE-R-500x491.jpg 500w, https:\/\/4vrc.eu\/wp-content\/uploads\/2024\/06\/RACE-PAD-VOLANTE-R-600x589.jpg 600w\" sizes=\"(max-width: 300px) 100vw, 300px\" \/>CANBUS RACEPAD 4 P\u00f6\u00f6rleva kodeerija ja LED INDIKAATORIGA RacePad on\u00a0 CAN-bussi rooliratta nupupaneel, mille on v\u00e4lja t\u00f6\u00f6tanud Blink Marine, et t\u00f5sta teie v\u00f5idus\u00f5idukogemust j\u00e4rgmisele tasemele. 4 p\u00f6\u00f6rdnupu ja 8 h\u00f5lpsasti ligip\u00e4\u00e4setava nupuga RacePad on ideaalne t\u00e4iendus igale v\u00f5idus\u00f5iduautole, v\u00f5imaldades nii professionaalsetel s\u00f5itjatel kui ka amat\u00f6\u00f6ridel oma s\u00f5idustiili t\u00e4ielikult kohandada. T\u00e4nu individuaalsetele nupuikoonidele ja LED-v\u00e4rvide valikule on v\u00f5imalused l\u00f5putud.<\/p>\n","protected":false},"excerpt":{"rendered":"<p>Rool ei kuulu tootesse ja on illustratiivne.<\/p>\n<p>Nupu Ikoonid on eraldi tellitavad ja ei ole koos nuppudega . Valiku saad teha meie lehel olevatest ikoonidest mis on siin v\u00f5i Ikoonide kataloogist mis on toote all .<\/p>\n","protected":false},"featured_media":2238,"template":"","meta":{"_acf_changed":false},"product_brand":[380],"product_cat":[302,306],"product_tag":[],"class_list":{"0":"post-2602","1":"product","2":"type-product","3":"status-publish","4":"has-post-thumbnail","6":"product_brand-blink-marine","7":"product_cat-elektrisusteemid","8":"product_cat-nupupaneel","10":"first","11":"onbackorder","12":"taxable","13":"shipping-taxable","14":"product-type-variable"},"acf":[],"_links":{"self":[{"href":"https:\/\/4vrc.eu\/et\/wp-json\/wp\/v2\/product\/2602","targetHints":{"allow":["GET"]}}],"collection":[{"href":"https:\/\/4vrc.eu\/et\/wp-json\/wp\/v2\/product"}],"about":[{"href":"https:\/\/4vrc.eu\/et\/wp-json\/wp\/v2\/types\/product"}],"wp:featuredmedia":[{"embeddable":true,"href":"https:\/\/4vrc.eu\/et\/wp-json\/wp\/v2\/media\/2238"}],"wp:attachment":[{"href":"https:\/\/4vrc.eu\/et\/wp-json\/wp\/v2\/media?parent=2602"}],"wp:term":[{"taxonomy":"product_brand","embeddable":true,"href":"https:\/\/4vrc.eu\/et\/wp-json\/wp\/v2\/product_brand?post=2602"},{"taxonomy":"product_cat","embeddable":true,"href":"https:\/\/4vrc.eu\/et\/wp-json\/wp\/v2\/product_cat?post=2602"},{"taxonomy":"product_tag","embeddable":true,"href":"https:\/\/4vrc.eu\/et\/wp-json\/wp\/v2\/product_tag?post=2602"}],"curies":[{"name":"wp","href":"https:\/\/api.w.org\/{rel}","templated":true}]}}