{"id":2809,"date":"2024-10-07T22:43:50","date_gmt":"2024-10-07T19:43:50","guid":{"rendered":"https:\/\/4vrc.eu\/product\/pdm-15\/"},"modified":"2025-04-29T11:29:19","modified_gmt":"2025-04-29T08:29:19","slug":"pdm-15","status":"publish","type":"product","link":"https:\/\/4vrc.eu\/et\/toode\/pdm-15\/","title":{"rendered":"PDM 15"},"content":{"rendered":"<p>PDM (Power Distribution Module) on seade, mida kasutatakse tavaliste releede ja kaitsmete asendamiseks s\u00f5iduki elektris\u00fcsteemis. Hardwire Electronics PDM v\u00f5tab sisendeid f\u00fc\u00fcsilistelt l\u00fclititelt, analoogpingelt v\u00f5i CAN-siinilt ning annab vajaduse korral toite erinevatele \u00fchendatud koormustele \u2013 nagu radiaatoriventilaatorid, tuled v\u00f5i pumbad. Igast \u00fchendatud koormusest v\u00f5etavat voolu j\u00e4lgitakse pidevalt. Kui m\u00f5\u00f5detud vool on rikke t\u00f5ttu liiga k\u00f5rge, l\u00fclitab PDM vastava v\u00e4ljundi v\u00e4lja, et v\u00e4ltida juhtmestiku v\u00f5i \u00fchendatud seadme edasist kahjustamist. Seej\u00e4rel saab PDM v\u00e4ljundit uuesti proovida, et n\u00e4ha, kas viga on k\u00f5rvaldatud.<\/p>\n<p>Solid State-tehnoloogia tagab maksimaalse t\u00f6\u00f6kindluse, ilma tavap\u00e4raste mehaaniliste relee- ja kaitsmes\u00fcsteemide puudusteta. Vibratsioon, vesi ja mustus pole enam probleemiks.<\/p>\n<p>Alates selle turuletoomisest 2019. aastal on PDM15 edukalt kasutatud paljudes rakendustes \u2013 alustades puurimismasinatest maagikaevandustes, l\u00f5petades tipptasemel v\u00f5idus\u00f5iduautodega kuni elektris\u00f5idukiteni ja isegi t\u00f6\u00f6stuslikes kasvuhoonetes ventilatsiooniakende k\u00e4ivitamiseks. \u00dcks selle suurimaid tugevusi on v\u00f5imaldada kasutajal konfigureerida PDM-i vastavalt oma vajadustele.<\/p>\n","protected":false},"excerpt":{"rendered":"<p>PDM (Power Distribution Module) on seade, mida kasutatakse tavaliste releede ja kaitsmete asendamiseks s\u00f5iduki elektris\u00fcsteemis.<\/p>\n","protected":false},"featured_media":2798,"template":"","meta":{"_acf_changed":false},"product_brand":[376],"product_cat":[302],"product_tag":[],"class_list":{"0":"post-2809","1":"product","2":"type-product","3":"status-publish","4":"has-post-thumbnail","6":"product_brand-hardwire-electronics","7":"product_cat-elektrisusteemid","9":"first","10":"instock","11":"taxable","12":"shipping-taxable","13":"purchasable","14":"product-type-simple"},"acf":[],"_links":{"self":[{"href":"https:\/\/4vrc.eu\/et\/wp-json\/wp\/v2\/product\/2809","targetHints":{"allow":["GET"]}}],"collection":[{"href":"https:\/\/4vrc.eu\/et\/wp-json\/wp\/v2\/product"}],"about":[{"href":"https:\/\/4vrc.eu\/et\/wp-json\/wp\/v2\/types\/product"}],"wp:featuredmedia":[{"embeddable":true,"href":"https:\/\/4vrc.eu\/et\/wp-json\/wp\/v2\/media\/2798"}],"wp:attachment":[{"href":"https:\/\/4vrc.eu\/et\/wp-json\/wp\/v2\/media?parent=2809"}],"wp:term":[{"taxonomy":"product_brand","embeddable":true,"href":"https:\/\/4vrc.eu\/et\/wp-json\/wp\/v2\/product_brand?post=2809"},{"taxonomy":"product_cat","embeddable":true,"href":"https:\/\/4vrc.eu\/et\/wp-json\/wp\/v2\/product_cat?post=2809"},{"taxonomy":"product_tag","embeddable":true,"href":"https:\/\/4vrc.eu\/et\/wp-json\/wp\/v2\/product_tag?post=2809"}],"curies":[{"name":"wp","href":"https:\/\/api.w.org\/{rel}","templated":true}]}}