{"id":2895,"date":"2025-01-03T00:22:08","date_gmt":"2025-01-02T22:22:08","guid":{"rendered":"https:\/\/4vrc.eu\/product\/autokinnitus-rihm-2-m-35-mm\/"},"modified":"2025-04-29T11:29:16","modified_gmt":"2025-04-29T08:29:16","slug":"autokinnitus-rihm-2-m-35-mm","status":"publish","type":"product","link":"https:\/\/4vrc.eu\/et\/toode\/autokinnitus-rihm-2-m-35-mm\/","title":{"rendered":"Autokinnitus rihm 2 m* 35 mm"},"content":{"rendered":"<p>Autokinnitus rihm .V\u00e4ga lihtne ja mugav kasutada . Ei pea m\u00f6llama m\u00f5tetute koormarihmadega .<\/p>\n","protected":false},"excerpt":{"rendered":"<p>Autokinnitus rihm .V\u00e4ga lihtne ja mugav kasutada . Ei pea m\u00f6llama m\u00f5tetute koormarihmadega .<\/p>\n","protected":false},"featured_media":2894,"template":"","meta":{"_acf_changed":false},"product_brand":[],"product_cat":[358],"product_tag":[],"class_list":{"0":"post-2895","1":"product","2":"type-product","3":"status-publish","4":"has-post-thumbnail","6":"product_cat-lisatarvikud-et","8":"first","9":"instock","10":"featured","11":"taxable","12":"shipping-taxable","13":"purchasable","14":"product-type-simple"},"acf":[],"_links":{"self":[{"href":"https:\/\/4vrc.eu\/et\/wp-json\/wp\/v2\/product\/2895","targetHints":{"allow":["GET"]}}],"collection":[{"href":"https:\/\/4vrc.eu\/et\/wp-json\/wp\/v2\/product"}],"about":[{"href":"https:\/\/4vrc.eu\/et\/wp-json\/wp\/v2\/types\/product"}],"wp:featuredmedia":[{"embeddable":true,"href":"https:\/\/4vrc.eu\/et\/wp-json\/wp\/v2\/media\/2894"}],"wp:attachment":[{"href":"https:\/\/4vrc.eu\/et\/wp-json\/wp\/v2\/media?parent=2895"}],"wp:term":[{"taxonomy":"product_brand","embeddable":true,"href":"https:\/\/4vrc.eu\/et\/wp-json\/wp\/v2\/product_brand?post=2895"},{"taxonomy":"product_cat","embeddable":true,"href":"https:\/\/4vrc.eu\/et\/wp-json\/wp\/v2\/product_cat?post=2895"},{"taxonomy":"product_tag","embeddable":true,"href":"https:\/\/4vrc.eu\/et\/wp-json\/wp\/v2\/product_tag?post=2895"}],"curies":[{"name":"wp","href":"https:\/\/api.w.org\/{rel}","templated":true}]}}